{"id":43,"date":"2011-07-29T16:00:23","date_gmt":"2011-07-29T14:00:23","guid":{"rendered":"http:\/\/www.goethans.at\/wp\/?page_id=43"},"modified":"2024-08-11T08:43:17","modified_gmt":"2024-08-11T06:43:17","slug":"fruchtsafte-edelbrande-essigvariationen","status":"publish","type":"page","link":"https:\/\/www.goethans.at\/wp\/?page_id=43","title":{"rendered":"Unsere Produkte"},"content":{"rendered":"\n<div class=\"wp-block-group\"><div class=\"wp-block-group__inner-container is-layout-flow wp-block-group-is-layout-flow\">\n<div class=\"wp-block-group\"><div class=\"wp-block-group__inner-container is-layout-flow wp-block-group-is-layout-flow\">\n<div class=\"wp-block-group\"><div class=\"wp-block-group__inner-container is-layout-flow wp-block-group-is-layout-flow\">\n<p><span style=\"color: #003300;\"><strong>FRUCHTS\u00c4FTE &amp; NEKTARE<\/strong><\/span><\/p>\n\n\n\n<div class=\"wp-block-image\"><figure class=\"alignleft\"><a href=\"https:\/\/www.goethans.at\/wp\/wp-content\/uploads\/2024\/08\/Opal_finito.png\"><img loading=\"lazy\" decoding=\"async\" width=\"300\" height=\"300\" src=\"https:\/\/www.goethans.at\/wp\/wp-content\/uploads\/2024\/08\/Opal_finito-300x300.png\" alt=\"\" class=\"wp-image-697\" srcset=\"https:\/\/www.goethans.at\/wp\/wp-content\/uploads\/2024\/08\/Opal_finito-300x300.png 300w, https:\/\/www.goethans.at\/wp\/wp-content\/uploads\/2024\/08\/Opal_finito-1024x1024.png 1024w, https:\/\/www.goethans.at\/wp\/wp-content\/uploads\/2024\/08\/Opal_finito-150x150.png 150w, https:\/\/www.goethans.at\/wp\/wp-content\/uploads\/2024\/08\/Opal_finito-768x768.png 768w, https:\/\/www.goethans.at\/wp\/wp-content\/uploads\/2024\/08\/Opal_finito.png 1080w\" sizes=\"auto, (max-width: 300px) 100vw, 300px\" \/><\/a><figcaption>Opal Apfelsaft naturt\u00fcb, reinsortig<\/figcaption><\/figure><\/div>\n\n\n\n<p>Mittlerweile 18 verschiedene Sorten an Fruchts\u00e4ften aus unserem Haus entstehen aus vollreifen, von Hand gepfl\u00fcckten Fr\u00fcchten aus eigenem Anbau. Lediglich Karotten, Erdbeeren und Holunderbeeren werden aus Bio-Betrieben der Region zugekauft. S\u00e4mtliche S\u00e4fte kommen OHNE jegliche Zusatzstoffe, Aromen oder Zucker aus und werden durch Pasteurisierung haltbar gemacht. <br>Die ganze Frucht wird auch bei den Nektaren verarbeitet und zu Fruchtp\u00fcree passiert, mit Wasser und Zucker entsteht so &#8222;fl\u00fcssiges Obst&#8220;!<\/p>\n\n\n\n<div class=\"wp-block-group\"><div class=\"wp-block-group__inner-container is-layout-flow wp-block-group-is-layout-flow\">\n<figure class=\"wp-block-gallery aligncenter columns-4 is-cropped wp-block-gallery-1 is-layout-flex wp-block-gallery-is-layout-flex\"><ul class=\"blocks-gallery-grid\"><li class=\"blocks-gallery-item\"><figure><img loading=\"lazy\" decoding=\"async\" width=\"300\" height=\"300\" src=\"https:\/\/www.goethans.at\/wp\/wp-content\/uploads\/2024\/08\/ApfelsaftTR\u00dcB_finito-300x300.png\" alt=\"\" data-id=\"681\" data-full-url=\"https:\/\/www.goethans.at\/wp\/wp-content\/uploads\/2024\/08\/ApfelsaftTR\u00dcB_finito.png\" data-link=\"http:\/\/www.goethans.at\/wp\/?attachment_id=681\" class=\"wp-image-681\" srcset=\"https:\/\/www.goethans.at\/wp\/wp-content\/uploads\/2024\/08\/ApfelsaftTR\u00dcB_finito-300x300.png 300w, https:\/\/www.goethans.at\/wp\/wp-content\/uploads\/2024\/08\/ApfelsaftTR\u00dcB_finito-1024x1024.png 1024w, https:\/\/www.goethans.at\/wp\/wp-content\/uploads\/2024\/08\/ApfelsaftTR\u00dcB_finito-150x150.png 150w, https:\/\/www.goethans.at\/wp\/wp-content\/uploads\/2024\/08\/ApfelsaftTR\u00dcB_finito-768x768.png 768w, https:\/\/www.goethans.at\/wp\/wp-content\/uploads\/2024\/08\/ApfelsaftTR\u00dcB_finito.png 1080w\" sizes=\"auto, (max-width: 300px) 100vw, 300px\" \/><figcaption class=\"blocks-gallery-item__caption\">Apfelsaft naturtr\u00fcb<\/figcaption><\/figure><\/li><li class=\"blocks-gallery-item\"><figure><img loading=\"lazy\" decoding=\"async\" width=\"300\" height=\"300\" src=\"https:\/\/www.goethans.at\/wp\/wp-content\/uploads\/2024\/08\/ApfelsaftKLAR_finito-300x300.png\" alt=\"\" data-id=\"679\" data-full-url=\"https:\/\/www.goethans.at\/wp\/wp-content\/uploads\/2024\/08\/ApfelsaftKLAR_finito.png\" data-link=\"http:\/\/www.goethans.at\/wp\/?attachment_id=679\" class=\"wp-image-679\" srcset=\"https:\/\/www.goethans.at\/wp\/wp-content\/uploads\/2024\/08\/ApfelsaftKLAR_finito-300x300.png 300w, https:\/\/www.goethans.at\/wp\/wp-content\/uploads\/2024\/08\/ApfelsaftKLAR_finito-1024x1024.png 1024w, https:\/\/www.goethans.at\/wp\/wp-content\/uploads\/2024\/08\/ApfelsaftKLAR_finito-150x150.png 150w, https:\/\/www.goethans.at\/wp\/wp-content\/uploads\/2024\/08\/ApfelsaftKLAR_finito-768x768.png 768w, https:\/\/www.goethans.at\/wp\/wp-content\/uploads\/2024\/08\/ApfelsaftKLAR_finito.png 1080w\" sizes=\"auto, (max-width: 300px) 100vw, 300px\" \/><figcaption class=\"blocks-gallery-item__caption\">Apfelsaft klar<\/figcaption><\/figure><\/li><li class=\"blocks-gallery-item\"><figure><img loading=\"lazy\" decoding=\"async\" width=\"300\" height=\"300\" src=\"https:\/\/www.goethans.at\/wp\/wp-content\/uploads\/2024\/08\/Topaz_finito-300x300.png\" alt=\"\" data-id=\"701\" data-full-url=\"https:\/\/www.goethans.at\/wp\/wp-content\/uploads\/2024\/08\/Topaz_finito.png\" data-link=\"http:\/\/www.goethans.at\/wp\/?attachment_id=701\" class=\"wp-image-701\" srcset=\"https:\/\/www.goethans.at\/wp\/wp-content\/uploads\/2024\/08\/Topaz_finito-300x300.png 300w, https:\/\/www.goethans.at\/wp\/wp-content\/uploads\/2024\/08\/Topaz_finito-1024x1024.png 1024w, https:\/\/www.goethans.at\/wp\/wp-content\/uploads\/2024\/08\/Topaz_finito-150x150.png 150w, https:\/\/www.goethans.at\/wp\/wp-content\/uploads\/2024\/08\/Topaz_finito-768x768.png 768w, https:\/\/www.goethans.at\/wp\/wp-content\/uploads\/2024\/08\/Topaz_finito.png 1080w\" sizes=\"auto, (max-width: 300px) 100vw, 300px\" \/><figcaption class=\"blocks-gallery-item__caption\">Apfelsaft Topaz naturtr\u00fcb, reinsortig<\/figcaption><\/figure><\/li><li class=\"blocks-gallery-item\"><figure><img loading=\"lazy\" decoding=\"async\" width=\"300\" height=\"300\" src=\"https:\/\/www.goethans.at\/wp\/wp-content\/uploads\/2024\/08\/Birne_finito-300x300.png\" alt=\"\" data-id=\"683\" data-full-url=\"https:\/\/www.goethans.at\/wp\/wp-content\/uploads\/2024\/08\/Birne_finito.png\" data-link=\"http:\/\/www.goethans.at\/wp\/?attachment_id=683\" class=\"wp-image-683\" srcset=\"https:\/\/www.goethans.at\/wp\/wp-content\/uploads\/2024\/08\/Birne_finito-300x300.png 300w, https:\/\/www.goethans.at\/wp\/wp-content\/uploads\/2024\/08\/Birne_finito-1024x1024.png 1024w, https:\/\/www.goethans.at\/wp\/wp-content\/uploads\/2024\/08\/Birne_finito-150x150.png 150w, https:\/\/www.goethans.at\/wp\/wp-content\/uploads\/2024\/08\/Birne_finito-768x768.png 768w, https:\/\/www.goethans.at\/wp\/wp-content\/uploads\/2024\/08\/Birne_finito.png 1080w\" sizes=\"auto, (max-width: 300px) 100vw, 300px\" \/><figcaption class=\"blocks-gallery-item__caption\">Birnensaft naturtr\u00fcb<\/figcaption><\/figure><\/li><li class=\"blocks-gallery-item\"><figure><img loading=\"lazy\" decoding=\"async\" width=\"300\" height=\"300\" src=\"https:\/\/www.goethans.at\/wp\/wp-content\/uploads\/2024\/08\/ApfelKarotte_finito-300x300.png\" alt=\"\" data-id=\"677\" data-full-url=\"https:\/\/www.goethans.at\/wp\/wp-content\/uploads\/2024\/08\/ApfelKarotte_finito.png\" data-link=\"http:\/\/www.goethans.at\/wp\/?attachment_id=677\" class=\"wp-image-677\" srcset=\"https:\/\/www.goethans.at\/wp\/wp-content\/uploads\/2024\/08\/ApfelKarotte_finito-300x300.png 300w, https:\/\/www.goethans.at\/wp\/wp-content\/uploads\/2024\/08\/ApfelKarotte_finito-1024x1024.png 1024w, https:\/\/www.goethans.at\/wp\/wp-content\/uploads\/2024\/08\/ApfelKarotte_finito-150x150.png 150w, https:\/\/www.goethans.at\/wp\/wp-content\/uploads\/2024\/08\/ApfelKarotte_finito-768x768.png 768w, https:\/\/www.goethans.at\/wp\/wp-content\/uploads\/2024\/08\/ApfelKarotte_finito.png 1080w\" sizes=\"auto, (max-width: 300px) 100vw, 300px\" \/><figcaption class=\"blocks-gallery-item__caption\">Apfel-Karottensaft<\/figcaption><\/figure><\/li><li class=\"blocks-gallery-item\"><figure><img loading=\"lazy\" decoding=\"async\" width=\"300\" height=\"300\" src=\"https:\/\/www.goethans.at\/wp\/wp-content\/uploads\/2024\/08\/Johannisbeer_finito-300x300.png\" alt=\"\" data-id=\"693\" data-full-url=\"https:\/\/www.goethans.at\/wp\/wp-content\/uploads\/2024\/08\/Johannisbeer_finito.png\" data-link=\"http:\/\/www.goethans.at\/wp\/?attachment_id=693\" class=\"wp-image-693\" srcset=\"https:\/\/www.goethans.at\/wp\/wp-content\/uploads\/2024\/08\/Johannisbeer_finito-300x300.png 300w, https:\/\/www.goethans.at\/wp\/wp-content\/uploads\/2024\/08\/Johannisbeer_finito-1024x1024.png 1024w, https:\/\/www.goethans.at\/wp\/wp-content\/uploads\/2024\/08\/Johannisbeer_finito-150x150.png 150w, https:\/\/www.goethans.at\/wp\/wp-content\/uploads\/2024\/08\/Johannisbeer_finito-768x768.png 768w, https:\/\/www.goethans.at\/wp\/wp-content\/uploads\/2024\/08\/Johannisbeer_finito.png 1080w\" sizes=\"auto, (max-width: 300px) 100vw, 300px\" \/><figcaption class=\"blocks-gallery-item__caption\">Apfel-Johannisbeersaft<\/figcaption><\/figure><\/li><li class=\"blocks-gallery-item\"><figure><img loading=\"lazy\" decoding=\"async\" width=\"300\" height=\"300\" src=\"https:\/\/www.goethans.at\/wp\/wp-content\/uploads\/2024\/08\/ApfelBirne_finito-300x300.png\" alt=\"\" data-id=\"673\" data-full-url=\"https:\/\/www.goethans.at\/wp\/wp-content\/uploads\/2024\/08\/ApfelBirne_finito.png\" data-link=\"http:\/\/www.goethans.at\/wp\/?attachment_id=673\" class=\"wp-image-673\" srcset=\"https:\/\/www.goethans.at\/wp\/wp-content\/uploads\/2024\/08\/ApfelBirne_finito-300x300.png 300w, https:\/\/www.goethans.at\/wp\/wp-content\/uploads\/2024\/08\/ApfelBirne_finito-1024x1024.png 1024w, https:\/\/www.goethans.at\/wp\/wp-content\/uploads\/2024\/08\/ApfelBirne_finito-150x150.png 150w, https:\/\/www.goethans.at\/wp\/wp-content\/uploads\/2024\/08\/ApfelBirne_finito-768x768.png 768w, https:\/\/www.goethans.at\/wp\/wp-content\/uploads\/2024\/08\/ApfelBirne_finito.png 1080w\" sizes=\"auto, (max-width: 300px) 100vw, 300px\" \/><figcaption class=\"blocks-gallery-item__caption\">Apfel-Birnensaft<\/figcaption><\/figure><\/li><li class=\"blocks-gallery-item\"><figure><img loading=\"lazy\" decoding=\"async\" width=\"300\" height=\"300\" src=\"https:\/\/www.goethans.at\/wp\/wp-content\/uploads\/2024\/08\/ApfelHolunder_finito-300x300.png\" alt=\"\" data-id=\"675\" data-full-url=\"https:\/\/www.goethans.at\/wp\/wp-content\/uploads\/2024\/08\/ApfelHolunder_finito.png\" data-link=\"http:\/\/www.goethans.at\/wp\/?attachment_id=675\" class=\"wp-image-675\" srcset=\"https:\/\/www.goethans.at\/wp\/wp-content\/uploads\/2024\/08\/ApfelHolunder_finito-300x300.png 300w, https:\/\/www.goethans.at\/wp\/wp-content\/uploads\/2024\/08\/ApfelHolunder_finito-1024x1024.png 1024w, https:\/\/www.goethans.at\/wp\/wp-content\/uploads\/2024\/08\/ApfelHolunder_finito-150x150.png 150w, https:\/\/www.goethans.at\/wp\/wp-content\/uploads\/2024\/08\/ApfelHolunder_finito-768x768.png 768w, https:\/\/www.goethans.at\/wp\/wp-content\/uploads\/2024\/08\/ApfelHolunder_finito.png 1080w\" sizes=\"auto, (max-width: 300px) 100vw, 300px\" \/><figcaption class=\"blocks-gallery-item__caption\">Apfel-Holundersaft<\/figcaption><\/figure><\/li><li class=\"blocks-gallery-item\"><figure><img loading=\"lazy\" decoding=\"async\" width=\"300\" height=\"300\" src=\"https:\/\/www.goethans.at\/wp\/wp-content\/uploads\/2024\/08\/Marille_finito-300x300.png\" alt=\"\" data-id=\"695\" data-full-url=\"https:\/\/www.goethans.at\/wp\/wp-content\/uploads\/2024\/08\/Marille_finito.png\" data-link=\"http:\/\/www.goethans.at\/wp\/?attachment_id=695\" class=\"wp-image-695\" srcset=\"https:\/\/www.goethans.at\/wp\/wp-content\/uploads\/2024\/08\/Marille_finito-300x300.png 300w, https:\/\/www.goethans.at\/wp\/wp-content\/uploads\/2024\/08\/Marille_finito-1024x1024.png 1024w, https:\/\/www.goethans.at\/wp\/wp-content\/uploads\/2024\/08\/Marille_finito-150x150.png 150w, https:\/\/www.goethans.at\/wp\/wp-content\/uploads\/2024\/08\/Marille_finito-768x768.png 768w, https:\/\/www.goethans.at\/wp\/wp-content\/uploads\/2024\/08\/Marille_finito.png 1080w\" sizes=\"auto, (max-width: 300px) 100vw, 300px\" \/><figcaption class=\"blocks-gallery-item__caption\">Marillennektar<\/figcaption><\/figure><\/li><li class=\"blocks-gallery-item\"><figure><img loading=\"lazy\" decoding=\"async\" width=\"300\" height=\"300\" src=\"https:\/\/www.goethans.at\/wp\/wp-content\/uploads\/2024\/08\/Pfirsich_finito-300x300.png\" alt=\"\" data-id=\"699\" data-full-url=\"https:\/\/www.goethans.at\/wp\/wp-content\/uploads\/2024\/08\/Pfirsich_finito.png\" data-link=\"http:\/\/www.goethans.at\/wp\/?attachment_id=699\" class=\"wp-image-699\" srcset=\"https:\/\/www.goethans.at\/wp\/wp-content\/uploads\/2024\/08\/Pfirsich_finito-300x300.png 300w, https:\/\/www.goethans.at\/wp\/wp-content\/uploads\/2024\/08\/Pfirsich_finito-1024x1024.png 1024w, https:\/\/www.goethans.at\/wp\/wp-content\/uploads\/2024\/08\/Pfirsich_finito-150x150.png 150w, https:\/\/www.goethans.at\/wp\/wp-content\/uploads\/2024\/08\/Pfirsich_finito-768x768.png 768w, https:\/\/www.goethans.at\/wp\/wp-content\/uploads\/2024\/08\/Pfirsich_finito.png 1080w\" sizes=\"auto, (max-width: 300px) 100vw, 300px\" \/><figcaption class=\"blocks-gallery-item__caption\">Pfirsichnektar<\/figcaption><\/figure><\/li><li class=\"blocks-gallery-item\"><figure><img loading=\"lazy\" decoding=\"async\" width=\"300\" height=\"300\" src=\"https:\/\/www.goethans.at\/wp\/wp-content\/uploads\/2024\/08\/GV_finito-300x300.png\" alt=\"\" data-id=\"691\" data-full-url=\"https:\/\/www.goethans.at\/wp\/wp-content\/uploads\/2024\/08\/GV_finito.png\" data-link=\"http:\/\/www.goethans.at\/wp\/?attachment_id=691\" class=\"wp-image-691\" srcset=\"https:\/\/www.goethans.at\/wp\/wp-content\/uploads\/2024\/08\/GV_finito-300x300.png 300w, https:\/\/www.goethans.at\/wp\/wp-content\/uploads\/2024\/08\/GV_finito-1024x1024.png 1024w, https:\/\/www.goethans.at\/wp\/wp-content\/uploads\/2024\/08\/GV_finito-150x150.png 150w, https:\/\/www.goethans.at\/wp\/wp-content\/uploads\/2024\/08\/GV_finito-768x768.png 768w, https:\/\/www.goethans.at\/wp\/wp-content\/uploads\/2024\/08\/GV_finito.png 1080w\" sizes=\"auto, (max-width: 300px) 100vw, 300px\" \/><figcaption class=\"blocks-gallery-item__caption\">Gr\u00fcner Veltliner Traubensaft<\/figcaption><\/figure><\/li><li class=\"blocks-gallery-item\"><figure><img loading=\"lazy\" decoding=\"async\" width=\"300\" height=\"300\" src=\"https:\/\/www.goethans.at\/wp\/wp-content\/uploads\/2024\/08\/Zweigelt_finito-300x300.png\" alt=\"\" data-id=\"703\" data-full-url=\"https:\/\/www.goethans.at\/wp\/wp-content\/uploads\/2024\/08\/Zweigelt_finito.png\" data-link=\"http:\/\/www.goethans.at\/wp\/?attachment_id=703\" class=\"wp-image-703\" srcset=\"https:\/\/www.goethans.at\/wp\/wp-content\/uploads\/2024\/08\/Zweigelt_finito-300x300.png 300w, https:\/\/www.goethans.at\/wp\/wp-content\/uploads\/2024\/08\/Zweigelt_finito-1024x1024.png 1024w, https:\/\/www.goethans.at\/wp\/wp-content\/uploads\/2024\/08\/Zweigelt_finito-150x150.png 150w, https:\/\/www.goethans.at\/wp\/wp-content\/uploads\/2024\/08\/Zweigelt_finito-768x768.png 768w, https:\/\/www.goethans.at\/wp\/wp-content\/uploads\/2024\/08\/Zweigelt_finito.png 1080w\" sizes=\"auto, (max-width: 300px) 100vw, 300px\" \/><figcaption class=\"blocks-gallery-item__caption\">Zweigelt Traubensaft<\/figcaption><\/figure><\/li><\/ul><\/figure>\n<\/div><\/div>\n\n\n\n<div class=\"wp-block-image\"><figure class=\"alignright\"><a href=\"https:\/\/www.goethans.at\/wp\/wp-content\/uploads\/2024\/07\/Design-ohne-Titel-1.jpg\"><img loading=\"lazy\" decoding=\"async\" width=\"300\" height=\"212\" src=\"https:\/\/www.goethans.at\/wp\/wp-content\/uploads\/2024\/07\/Design-ohne-Titel-1-300x212.jpg\" alt=\"\" class=\"wp-image-655\" srcset=\"https:\/\/www.goethans.at\/wp\/wp-content\/uploads\/2024\/07\/Design-ohne-Titel-1-300x212.jpg 300w, https:\/\/www.goethans.at\/wp\/wp-content\/uploads\/2024\/07\/Design-ohne-Titel-1-1024x724.jpg 1024w, https:\/\/www.goethans.at\/wp\/wp-content\/uploads\/2024\/07\/Design-ohne-Titel-1-768x543.jpg 768w, https:\/\/www.goethans.at\/wp\/wp-content\/uploads\/2024\/07\/Design-ohne-Titel-1-1536x1086.jpg 1536w, https:\/\/www.goethans.at\/wp\/wp-content\/uploads\/2024\/07\/Design-ohne-Titel-1-2048x1448.jpg 2048w, https:\/\/www.goethans.at\/wp\/wp-content\/uploads\/2024\/07\/Design-ohne-Titel-1-424x300.jpg 424w\" sizes=\"auto, (max-width: 300px) 100vw, 300px\" \/><\/a><\/figure><\/div>\n\n\n\n<p><\/p>\n\n\n\n<p><span style=\"color: #00ff00;\"><strong><span style=\"color: #003300;\">FRISCHOBST&nbsp;&nbsp;&nbsp;&nbsp;&nbsp;&nbsp;&nbsp;&nbsp;&nbsp; <br><\/span><\/strong><\/span>Sortenvielfalt am Obsthof G\u00f6thans!<\/p>\n\n\n\n<p><strong>Early Gold, Gala, Elstar, Cox Orange, Jonagold, Jonagored, Topaz, Golden Delicious, Idared<\/strong>,&nbsp;<strong>Pinova und Mutsu&nbsp;<\/strong>k\u00f6nnen von Oktober bis ungef\u00e4hr April ab Hof eingekauft werden!<\/p>\n\n\n\n<p>Unter den Birnensorten erfreuen sich <strong>Clapps Liebling, Williams Christ, Gute Luise, Bosc Flaschenbirne, Alexander Lucas und die Bio-Sorte Uta<\/strong> gro\u00dfer Beliebtheit.<\/p>\n\n\n\n<p><span style=\"color: #003300;\"><strong>EDELBR\u00c4NDE<\/strong><\/span><\/p>\n\n\n\n<p>Auch gebrannt wird bereits in zweiter Generation am Obsthof G\u00f6thans. Zum Brennen steht eine Vielzahl an Fr\u00fcchten zur Verf\u00fcgung, wie Kirschen, Weichseln, Williams Birnen, Marillen, Zwetschken, Holunderbeeren, diverse Apfelsorten. Unsere Edelbr\u00e4nde gibt es in verschiedenen Flaschengr\u00f6\u00dfen.<\/p>\n\n\n\n<p><span style=\"color: #003300;\"><strong>EDLE ESSIGVARIATIONEN<\/strong><\/span><\/p>\n\n\n\n<div class=\"wp-block-image\"><figure class=\"alignleft\"><a href=\"http:\/\/www.goethans.at\/wp\/wp-content\/uploads\/2015\/04\/Still_Essig_01.jpg\"><img loading=\"lazy\" decoding=\"async\" width=\"182\" height=\"300\" src=\"http:\/\/www.goethans.at\/wp\/wp-content\/uploads\/2015\/04\/Still_Essig_01-182x300.jpg\" alt=\"\" class=\"wp-image-359\" title=\"Still_Essig_01\" srcset=\"https:\/\/www.goethans.at\/wp\/wp-content\/uploads\/2015\/04\/Still_Essig_01-182x300.jpg 182w, https:\/\/www.goethans.at\/wp\/wp-content\/uploads\/2015\/04\/Still_Essig_01-623x1024.jpg 623w\" sizes=\"auto, (max-width: 182px) 100vw, 182px\" \/><\/a><\/figure><\/div>\n\n\n\n<p><span style=\"color: #003300;\">Seit dem Jahr 2000 produziert Gerald G\u00f6thans mit viel Hingabe aus \u00c4pfeln und Trauben Essige in verschiedenen Geschmacksrichtungen, z. B. Apfelessig mit Bl\u00fctenhonig oder Zweigelt Weinessig Balsam.&nbsp;<\/span><\/p>\n<\/div><\/div>\n<\/div><\/div>\n<\/div><\/div>\n\n\n\n<ul class=\"wp-block-social-links is-layout-flex wp-block-social-links-is-layout-flex\"><li class=\"wp-social-link wp-social-link-facebook  wp-block-social-link\"><a href=\"https:\/\/www.facebook.com\/ObsthofGothans\" class=\"wp-block-social-link-anchor\"><svg width=\"24\" height=\"24\" viewBox=\"0 0 24 24\" version=\"1.1\" xmlns=\"http:\/\/www.w3.org\/2000\/svg\" aria-hidden=\"true\" focusable=\"false\"><path d=\"M12 2C6.5 2 2 6.5 2 12c0 5 3.7 9.1 8.4 9.9v-7H7.9V12h2.5V9.8c0-2.5 1.5-3.9 3.8-3.9 1.1 0 2.2.2 2.2.2v2.5h-1.3c-1.2 0-1.6.8-1.6 1.6V12h2.8l-.4 2.9h-2.3v7C18.3 21.1 22 17 22 12c0-5.5-4.5-10-10-10z\"><\/path><\/svg><span class=\"wp-block-social-link-label screen-reader-text\">Facebook<\/span><\/a><\/li>\n\n\n\n\n\n\n\n<\/ul>\n","protected":false},"excerpt":{"rendered":"<p>FRUCHTS\u00c4FTE &amp; NEKTARE Mittlerweile 18 verschiedene Sorten an Fruchts\u00e4ften aus unserem Haus entstehen aus vollreifen, von Hand gepfl\u00fcckten Fr\u00fcchten aus eigenem Anbau. Lediglich Karotten, Erdbeeren und Holunderbeeren werden aus Bio-Betrieben der Region zugekauft. S\u00e4mtliche S\u00e4fte kommen OHNE jegliche Zusatzstoffe, Aromen &hellip; <a href=\"https:\/\/www.goethans.at\/wp\/?page_id=43\">Weiterlesen <span class=\"meta-nav\">&rarr;<\/span><\/a><\/p>\n","protected":false},"author":2,"featured_media":100,"parent":0,"menu_order":0,"comment_status":"closed","ping_status":"closed","template":"","meta":{"footnotes":""},"class_list":["post-43","page","type-page","status-publish","has-post-thumbnail","hentry"],"_links":{"self":[{"href":"https:\/\/www.goethans.at\/wp\/index.php?rest_route=\/wp\/v2\/pages\/43","targetHints":{"allow":["GET"]}}],"collection":[{"href":"https:\/\/www.goethans.at\/wp\/index.php?rest_route=\/wp\/v2\/pages"}],"about":[{"href":"https:\/\/www.goethans.at\/wp\/index.php?rest_route=\/wp\/v2\/types\/page"}],"author":[{"embeddable":true,"href":"https:\/\/www.goethans.at\/wp\/index.php?rest_route=\/wp\/v2\/users\/2"}],"replies":[{"embeddable":true,"href":"https:\/\/www.goethans.at\/wp\/index.php?rest_route=%2Fwp%2Fv2%2Fcomments&post=43"}],"version-history":[{"count":47,"href":"https:\/\/www.goethans.at\/wp\/index.php?rest_route=\/wp\/v2\/pages\/43\/revisions"}],"predecessor-version":[{"id":793,"href":"https:\/\/www.goethans.at\/wp\/index.php?rest_route=\/wp\/v2\/pages\/43\/revisions\/793"}],"wp:featuredmedia":[{"embeddable":true,"href":"https:\/\/www.goethans.at\/wp\/index.php?rest_route=\/wp\/v2\/media\/100"}],"wp:attachment":[{"href":"https:\/\/www.goethans.at\/wp\/index.php?rest_route=%2Fwp%2Fv2%2Fmedia&parent=43"}],"curies":[{"name":"wp","href":"https:\/\/api.w.org\/{rel}","templated":true}]}}