{"id":35,"date":"2011-07-29T15:42:07","date_gmt":"2011-07-29T13:42:07","guid":{"rendered":"http:\/\/www.goethans.at\/wp\/?page_id=35"},"modified":"2025-12-22T16:00:55","modified_gmt":"2025-12-22T15:00:55","slug":"kontakt","status":"publish","type":"page","link":"https:\/\/www.goethans.at\/wp\/?page_id=35","title":{"rendered":"Kontakt u. \u00d6ffnungszeiten"},"content":{"rendered":"<p style=\"text-align: right;\">Frisches Obst zu Ab Hof-Preisen, Fruch<a href=\"https:\/\/www.goethans.at\/wp\/wp-content\/uploads\/2025\/12\/goethans_logo.png\"><img loading=\"lazy\" decoding=\"async\" class=\"wp-image-863 alignleft\" src=\"https:\/\/www.goethans.at\/wp\/wp-content\/uploads\/2025\/12\/goethans_logo-300x197.png\" alt=\"\" width=\"196\" height=\"131\" \/><\/a>ts\u00e4fte, edle Essigvariationen und hochprozentige Edelbr\u00e4nde: <strong>Jeden Samstag von 9 &#8211; 12 Uhr freuen wir uns \u00fcber Ihren Besuch am Obsthof G\u00f6thans!<\/strong><\/p>\n<p style=\"text-align: right;\">Ansonsten bitten wir jedoch um telefonische Voranmeldung, da es viel Arbeit auf der Obstplantage gibt&#8230;<\/p>\n\n\n<figure class=\"wp-block-gallery has-nested-images columns-default is-cropped wp-block-gallery-1 is-layout-flex wp-block-gallery-is-layout-flex\">\n<figure class=\"wp-block-image size-large\"><img loading=\"lazy\" decoding=\"async\" width=\"1024\" height=\"1024\" data-id=\"627\" src=\"https:\/\/www.goethans.at\/wp\/wp-content\/uploads\/2023\/04\/Design-ohne-Titel-1024x1024.png\" alt=\"\" class=\"wp-image-627\" srcset=\"https:\/\/www.goethans.at\/wp\/wp-content\/uploads\/2023\/04\/Design-ohne-Titel-1024x1024.png 1024w, https:\/\/www.goethans.at\/wp\/wp-content\/uploads\/2023\/04\/Design-ohne-Titel-300x300.png 300w, https:\/\/www.goethans.at\/wp\/wp-content\/uploads\/2023\/04\/Design-ohne-Titel-150x150.png 150w, https:\/\/www.goethans.at\/wp\/wp-content\/uploads\/2023\/04\/Design-ohne-Titel-768x768.png 768w, https:\/\/www.goethans.at\/wp\/wp-content\/uploads\/2023\/04\/Design-ohne-Titel.png 1080w\" sizes=\"auto, (max-width: 1024px) 100vw, 1024px\" \/><\/figure>\n\n\n\n<figure class=\"wp-block-image size-large\"><img loading=\"lazy\" decoding=\"async\" width=\"1024\" height=\"1024\" data-id=\"625\" src=\"https:\/\/www.goethans.at\/wp\/wp-content\/uploads\/2023\/04\/Design-ohne-Titel-2-1024x1024.png\" alt=\"\" class=\"wp-image-625\" srcset=\"https:\/\/www.goethans.at\/wp\/wp-content\/uploads\/2023\/04\/Design-ohne-Titel-2-1024x1024.png 1024w, https:\/\/www.goethans.at\/wp\/wp-content\/uploads\/2023\/04\/Design-ohne-Titel-2-300x300.png 300w, https:\/\/www.goethans.at\/wp\/wp-content\/uploads\/2023\/04\/Design-ohne-Titel-2-150x150.png 150w, https:\/\/www.goethans.at\/wp\/wp-content\/uploads\/2023\/04\/Design-ohne-Titel-2-768x768.png 768w, https:\/\/www.goethans.at\/wp\/wp-content\/uploads\/2023\/04\/Design-ohne-Titel-2.png 1080w\" sizes=\"auto, (max-width: 1024px) 100vw, 1024px\" \/><\/figure>\n<\/figure>\n\n\n\n<ul class=\"wp-block-social-links is-layout-flex wp-block-social-links-is-layout-flex\">\n\n\n\n\n\n\n\n\n\n<li class=\"wp-social-link wp-social-link-facebook  wp-block-social-link\"><a href=\"https:\/\/www.facebook.com\/ObsthofGothans\" class=\"wp-block-social-link-anchor\"><svg width=\"24\" height=\"24\" viewBox=\"0 0 24 24\" version=\"1.1\" xmlns=\"http:\/\/www.w3.org\/2000\/svg\" aria-hidden=\"true\" focusable=\"false\"><path d=\"M12 2C6.5 2 2 6.5 2 12c0 5 3.7 9.1 8.4 9.9v-7H7.9V12h2.5V9.8c0-2.5 1.5-3.9 3.8-3.9 1.1 0 2.2.2 2.2.2v2.5h-1.3c-1.2 0-1.6.8-1.6 1.6V12h2.8l-.4 2.9h-2.3v7C18.3 21.1 22 17 22 12c0-5.5-4.5-10-10-10z\"><\/path><\/svg><span class=\"wp-block-social-link-label screen-reader-text\">Facebook<\/span><\/a><\/li><\/ul>\n\n\n\n<p><\/p>\n","protected":false},"excerpt":{"rendered":"<p>Frisches Obst zu Ab Hof-Preisen, Fruchts\u00e4fte, edle Essigvariationen und hochprozentige Edelbr\u00e4nde: Jeden Samstag von 9 &#8211; 12 Uhr freuen wir uns \u00fcber Ihren Besuch am Obsthof G\u00f6thans! Ansonsten bitten wir jedoch um telefonische Voranmeldung, da es viel Arbeit auf der &hellip; <a href=\"https:\/\/www.goethans.at\/wp\/?page_id=35\">Weiterlesen <span class=\"meta-nav\">&rarr;<\/span><\/a><\/p>\n","protected":false},"author":2,"featured_media":32,"parent":0,"menu_order":0,"comment_status":"closed","ping_status":"closed","template":"","meta":{"footnotes":""},"class_list":["post-35","page","type-page","status-publish","has-post-thumbnail","hentry"],"_links":{"self":[{"href":"https:\/\/www.goethans.at\/wp\/index.php?rest_route=\/wp\/v2\/pages\/35","targetHints":{"allow":["GET"]}}],"collection":[{"href":"https:\/\/www.goethans.at\/wp\/index.php?rest_route=\/wp\/v2\/pages"}],"about":[{"href":"https:\/\/www.goethans.at\/wp\/index.php?rest_route=\/wp\/v2\/types\/page"}],"author":[{"embeddable":true,"href":"https:\/\/www.goethans.at\/wp\/index.php?rest_route=\/wp\/v2\/users\/2"}],"replies":[{"embeddable":true,"href":"https:\/\/www.goethans.at\/wp\/index.php?rest_route=%2Fwp%2Fv2%2Fcomments&post=35"}],"version-history":[{"count":20,"href":"https:\/\/www.goethans.at\/wp\/index.php?rest_route=\/wp\/v2\/pages\/35\/revisions"}],"predecessor-version":[{"id":867,"href":"https:\/\/www.goethans.at\/wp\/index.php?rest_route=\/wp\/v2\/pages\/35\/revisions\/867"}],"wp:featuredmedia":[{"embeddable":true,"href":"https:\/\/www.goethans.at\/wp\/index.php?rest_route=\/wp\/v2\/media\/32"}],"wp:attachment":[{"href":"https:\/\/www.goethans.at\/wp\/index.php?rest_route=%2Fwp%2Fv2%2Fmedia&parent=35"}],"curies":[{"name":"wp","href":"https:\/\/api.w.org\/{rel}","templated":true}]}}