{"id":2,"date":"2011-07-29T13:14:40","date_gmt":"2011-07-29T11:14:40","guid":{"rendered":"http:\/\/www.goethans.at\/wp\/?page_id=2"},"modified":"2025-05-10T13:44:08","modified_gmt":"2025-05-10T11:44:08","slug":"beispiel-seite","status":"publish","type":"page","link":"https:\/\/www.goethans.at\/wp\/?page_id=2","title":{"rendered":"\u00dcber uns"},"content":{"rendered":"<div id=\"attachment_705\" style=\"width: 210px\" class=\"wp-caption alignright\"><a href=\"https:\/\/www.goethans.at\/wp\/wp-content\/uploads\/2024\/08\/KG7_4998.jpg\"><img loading=\"lazy\" decoding=\"async\" aria-describedby=\"caption-attachment-705\" class=\"size-medium wp-image-705\" src=\"https:\/\/www.goethans.at\/wp\/wp-content\/uploads\/2024\/08\/KG7_4998-200x300.jpg\" alt=\"\" width=\"200\" height=\"300\" srcset=\"https:\/\/www.goethans.at\/wp\/wp-content\/uploads\/2024\/08\/KG7_4998-200x300.jpg 200w, https:\/\/www.goethans.at\/wp\/wp-content\/uploads\/2024\/08\/KG7_4998-682x1024.jpg 682w, https:\/\/www.goethans.at\/wp\/wp-content\/uploads\/2024\/08\/KG7_4998-768x1154.jpg 768w, https:\/\/www.goethans.at\/wp\/wp-content\/uploads\/2024\/08\/KG7_4998-1022x1536.jpg 1022w, https:\/\/www.goethans.at\/wp\/wp-content\/uploads\/2024\/08\/KG7_4998.jpg 1363w\" sizes=\"auto, (max-width: 200px) 100vw, 200px\" \/><\/a><p id=\"caption-attachment-705\" class=\"wp-caption-text\">Gerald G\u00f6thans<\/p><\/div>\n<p><strong style=\"color: #000000; font-size: 15px; background-color: #ffffff; font-family: 'Helvetica Neue', Helvetica, Arial, 'Nimbus Sans L', sans-serif;\">Obstbau mit Tradition \u2013 Qualit\u00e4t aus Pulkau &amp; Missingdorf<\/strong><\/p>\n<p class=\"\" data-start=\"271\" data-end=\"529\">Der Obstbau hat in der Region Pulkau und dem Apfeldorf Missingdorf eine lange Geschichte. Seit \u00fcber 130 Jahren gedeihen hier hochwertige Fr\u00fcchte \u2013 mit dem Apfel als unangefochtenem Star. Bereits ab 1935 setzten engagierte Landwirte auf modernen Plantagenbau.<\/p>\n<p class=\"\" data-start=\"531\" data-end=\"721\">\u00c4pfel sind nicht nur geschmackvoll, sondern auch gesund: Sie enthalten wertvolle Vitamine, Pektin und sekund\u00e4re Pflanzenstoffe \u2013 wissenschaftlich best\u00e4tigt ein echter Beitrag zur Gesundheit.<\/p>\n<p class=\"\" data-start=\"723\" data-end=\"964\">Auf rund 250 Hektar sorgen in der Region n\u00e4hrstoffreiche B\u00f6den und ausreichend Feuchtigkeit f\u00fcr beste Anbaubedingungen. In modernen Plantagen wachsen heute schlanke, gut belichtete B\u00e4ume, die regelm\u00e4\u00dfig aromatische, qualitativ hochwertige Fr\u00fcchte liefern.<\/p>\n<p class=\"\" data-start=\"966\" data-end=\"1253\">Unsere Hauptsorten sind: <strong data-start=\"991\" data-end=\"1042\">Gala, Elstar, Jonagold, Topaz, Golden Delicious<\/strong>, sowie <strong data-start=\"1050\" data-end=\"1095\">Early Gold, Summerred, Cox Orange, Idared<\/strong> und <strong data-start=\"1100\" data-end=\"1110\">Pinova<\/strong>. Bei Birnen z\u00e4hlen <strong data-start=\"1130\" data-end=\"1184\">Williams Christ, Gute Luise, Clapps Liebling, Bosc<\/strong>, <strong data-start=\"1186\" data-end=\"1205\">Alexander Lucas<\/strong> und Sorte <strong data-start=\"1225\" data-end=\"1232\">Uta<\/strong> zu den beliebtesten.<\/p>\n<p class=\"\" data-start=\"1427\" data-end=\"1662\">Von Ende Juni bis Mitte September bereichern Kirschen, Weichseln und Marillen das Sortiment. Aus dem vielf\u00e4ltigen Obstangebot entstehen k\u00f6stliche Produkte wie <strong data-start=\"1609\" data-end=\"1646\">S\u00e4fte, Nektare, Edelbr\u00e4nde, Moste<\/strong> und <strong data-start=\"1651\" data-end=\"1661\">Essige<\/strong>.<\/p>\n<p class=\"\" data-start=\"1664\" data-end=\"1876\"><strong data-start=\"1664\" data-end=\"1698\">Besuchen Sie uns direkt am Hof<\/strong>: Probieren Sie unsere Spezialit\u00e4ten im Verkostungsraum und kaufen Sie zu Ab-Hof-Preisen. Unsere Produkte finden Sie auch in <strong data-start=\"1823\" data-end=\"1875\">regionalen Bauernl\u00e4den, Heurigen und Restaurants<\/strong>.<\/p>\n\n\n<ul class=\"wp-block-social-links is-layout-flex wp-block-social-links-is-layout-flex\"><li class=\"wp-social-link wp-social-link-facebook  wp-block-social-link\"><a href=\"https:\/\/www.facebook.com\/ObsthofGothans\" class=\"wp-block-social-link-anchor\"><svg width=\"24\" height=\"24\" viewBox=\"0 0 24 24\" version=\"1.1\" xmlns=\"http:\/\/www.w3.org\/2000\/svg\" aria-hidden=\"true\" focusable=\"false\"><path d=\"M12 2C6.5 2 2 6.5 2 12c0 5 3.7 9.1 8.4 9.9v-7H7.9V12h2.5V9.8c0-2.5 1.5-3.9 3.8-3.9 1.1 0 2.2.2 2.2.2v2.5h-1.3c-1.2 0-1.6.8-1.6 1.6V12h2.8l-.4 2.9h-2.3v7C18.3 21.1 22 17 22 12c0-5.5-4.5-10-10-10z\"><\/path><\/svg><span class=\"wp-block-social-link-label screen-reader-text\">Facebook<\/span><\/a><\/li>\n\n\n\n\n\n\n\n<\/ul>\n\n\n\n<p><\/p>\n","protected":false},"excerpt":{"rendered":"<p>Obstbau mit Tradition \u2013 Qualit\u00e4t aus Pulkau &amp; Missingdorf Der Obstbau hat in der Region Pulkau und dem Apfeldorf Missingdorf eine lange Geschichte. Seit \u00fcber 130 Jahren gedeihen hier hochwertige Fr\u00fcchte \u2013 mit dem Apfel als unangefochtenem Star. Bereits ab &hellip; <a href=\"https:\/\/www.goethans.at\/wp\/?page_id=2\">Weiterlesen <span class=\"meta-nav\">&rarr;<\/span><\/a><\/p>\n","protected":false},"author":1,"featured_media":32,"parent":0,"menu_order":0,"comment_status":"closed","ping_status":"closed","template":"","meta":{"footnotes":""},"class_list":["post-2","page","type-page","status-publish","has-post-thumbnail","hentry"],"_links":{"self":[{"href":"https:\/\/www.goethans.at\/wp\/index.php?rest_route=\/wp\/v2\/pages\/2","targetHints":{"allow":["GET"]}}],"collection":[{"href":"https:\/\/www.goethans.at\/wp\/index.php?rest_route=\/wp\/v2\/pages"}],"about":[{"href":"https:\/\/www.goethans.at\/wp\/index.php?rest_route=\/wp\/v2\/types\/page"}],"author":[{"embeddable":true,"href":"https:\/\/www.goethans.at\/wp\/index.php?rest_route=\/wp\/v2\/users\/1"}],"replies":[{"embeddable":true,"href":"https:\/\/www.goethans.at\/wp\/index.php?rest_route=%2Fwp%2Fv2%2Fcomments&post=2"}],"version-history":[{"count":15,"href":"https:\/\/www.goethans.at\/wp\/index.php?rest_route=\/wp\/v2\/pages\/2\/revisions"}],"predecessor-version":[{"id":837,"href":"https:\/\/www.goethans.at\/wp\/index.php?rest_route=\/wp\/v2\/pages\/2\/revisions\/837"}],"wp:featuredmedia":[{"embeddable":true,"href":"https:\/\/www.goethans.at\/wp\/index.php?rest_route=\/wp\/v2\/media\/32"}],"wp:attachment":[{"href":"https:\/\/www.goethans.at\/wp\/index.php?rest_route=%2Fwp%2Fv2%2Fmedia&parent=2"}],"curies":[{"name":"wp","href":"https:\/\/api.w.org\/{rel}","templated":true}]}}